{"id":441,"date":"2019-05-20T13:00:31","date_gmt":"2019-05-20T11:00:31","guid":{"rendered":"http:\/\/www.mischmash.de\/?page_id=441"},"modified":"2021-03-17T10:50:03","modified_gmt":"2021-03-17T09:50:03","slug":"time-flies","status":"publish","type":"page","link":"http:\/\/www.mischmash.de\/?page_id=441","title":{"rendered":"Time flies (2019)"},"content":{"rendered":"<p><iframe loading=\"lazy\" title=\"Shallow Waters- Seeing Right Through You\" width=\"500\" height=\"281\" src=\"https:\/\/www.youtube.com\/embed\/L59WwujMXjc?feature=oembed\" frameborder=\"0\" allow=\"accelerometer; autoplay; clipboard-write; encrypted-media; gyroscope; picture-in-picture; web-share\" referrerpolicy=\"strict-origin-when-cross-origin\" allowfullscreen><\/iframe><\/p>\n<h2>Time flies &#8211;<br \/>\n&#8211; das Revival einer Band die es (vielleicht) niemals gegeben haben wird<\/h2>\n<p>Die MischMash-AutorInnen schl\u00fcpfen in die Rolle der Indie-Band \u201eShallow Waters\u201c, die im Jahr 1999 mit dem Song \u201eSeeing right through you\u201c einen Nummer-1-Hit landet. Doch ausgerechnet w\u00e4hrend des sehnsuchtsvoll erwarteten Live-Auftritts bei der Millennium-Silvester-Party am Brandenburger Tor kommt es zum Eklat und die Band trennt sich. Zur\u00fcck bleiben entt\u00e4uschte Fans, eine Musikwelt, die lange \u00fcber die Gr\u00fcnde des schnellen Scheiterns spekuliert und die vier Bandmitglieder, die in verschlungene Lebenswege abtauchen. 2029 treffen \u201eShallow Waters\u201c erstmalig seit der Trennung wieder aufeinander: Steht jetzt das gro\u00dfe Revival bevor?<\/p>\n","protected":false},"excerpt":{"rendered":"<p>Time flies &#8211; &#8211; das Revival einer Band die es (vielleicht) niemals gegeben haben wird Die MischMash-AutorInnen schl\u00fcpfen in die Rolle der Indie-Band \u201eShallow Waters\u201c, die im Jahr 1999 mit dem Song \u201eSeeing right through &hellip;<\/p>\n","protected":false},"author":1,"featured_media":0,"parent":0,"menu_order":0,"comment_status":"closed","ping_status":"closed","template":"","meta":{"footnotes":""},"class_list":["post-441","page","type-page","status-publish","hentry"],"_links":{"self":[{"href":"http:\/\/www.mischmash.de\/index.php?rest_route=\/wp\/v2\/pages\/441","targetHints":{"allow":["GET"]}}],"collection":[{"href":"http:\/\/www.mischmash.de\/index.php?rest_route=\/wp\/v2\/pages"}],"about":[{"href":"http:\/\/www.mischmash.de\/index.php?rest_route=\/wp\/v2\/types\/page"}],"author":[{"embeddable":true,"href":"http:\/\/www.mischmash.de\/index.php?rest_route=\/wp\/v2\/users\/1"}],"replies":[{"embeddable":true,"href":"http:\/\/www.mischmash.de\/index.php?rest_route=%2Fwp%2Fv2%2Fcomments&post=441"}],"version-history":[{"count":8,"href":"http:\/\/www.mischmash.de\/index.php?rest_route=\/wp\/v2\/pages\/441\/revisions"}],"predecessor-version":[{"id":549,"href":"http:\/\/www.mischmash.de\/index.php?rest_route=\/wp\/v2\/pages\/441\/revisions\/549"}],"wp:attachment":[{"href":"http:\/\/www.mischmash.de\/index.php?rest_route=%2Fwp%2Fv2%2Fmedia&parent=441"}],"curies":[{"name":"wp","href":"https:\/\/api.w.org\/{rel}","templated":true}]}}