{"id":598,"date":"2022-03-18T14:20:14","date_gmt":"2022-03-18T13:20:14","guid":{"rendered":"http:\/\/www.mischmash.de\/?page_id=598"},"modified":"2023-06-06T18:46:39","modified_gmt":"2023-06-06T16:46:39","slug":"grenzallee-2022","status":"publish","type":"page","link":"http:\/\/www.mischmash.de\/?page_id=598","title":{"rendered":"2022: Grenzallee"},"content":{"rendered":"\n<p>2022 feierten wir 10-j\u00e4hriges Jubil\u00e4um bei 48 Stunden Neuk\u00f6lln. Schon unser erstes Literaturprogramm 2012 war gepr\u00e4gt von Grenzerfahrungen. Unter dem Titel \u201eEndstation Garten Eden?\u201c f\u00fchrten zahlreiche Irrwege, Umwege und steinige Pfade die Figuren unserer Kurzgeschichten in Richtung Paradies.<\/p>\n\n\n\n<p>2022 statteten wir den literarischen Figuren von damals einen Besuch ab. Wo stehen sie heute? Sind sie ihren Tr\u00e4umen n\u00e4her gekommen oder in einer Sackgasse gelandet? Wir freuten uns auf neue literarische Grenzerfahrungen, vielleicht auch Grenzwertiges, in jedem Fall aber auf Grenzg\u00e4nger*innen, die mal verzweifelt, mal befreit \u201eKafayi yemek!\u201c rufen.<br><br>(Info: <a rel=\"noreferrer noopener\" href=\"https:\/\/48-stunden-neukoelln.de\/de\/page\/kafay\u0131-yemek-ich-esse-meinen-kopf\" target=\"_blank\">Festivalthema \u201eKafayi yemek!\u201c<\/a>)<\/p>\n\n\n\n<figure class=\"wp-block-image size-large is-resized\"><a href=\"http:\/\/www.mischmash.de\/wp-content\/uploads\/2022\/03\/mischmash-garten-eden.png\"><img loading=\"lazy\" decoding=\"async\" src=\"http:\/\/www.mischmash.de\/wp-content\/uploads\/2022\/03\/mischmash-garten-eden-1024x765.png\" alt=\"\" class=\"wp-image-600\" width=\"840\" height=\"627\" srcset=\"http:\/\/www.mischmash.de\/wp-content\/uploads\/2022\/03\/mischmash-garten-eden-1024x765.png 1024w, http:\/\/www.mischmash.de\/wp-content\/uploads\/2022\/03\/mischmash-garten-eden-300x224.png 300w, http:\/\/www.mischmash.de\/wp-content\/uploads\/2022\/03\/mischmash-garten-eden-768x574.png 768w, http:\/\/www.mischmash.de\/wp-content\/uploads\/2022\/03\/mischmash-garten-eden-1070x799.png 1070w, http:\/\/www.mischmash.de\/wp-content\/uploads\/2022\/03\/mischmash-garten-eden.png 1131w\" sizes=\"auto, (max-width: 840px) 100vw, 840px\" \/><\/a><figcaption><em>2012 &#8211; Die Kleingartenkolonie &#8222;Hand und Hand&#8220; war unser erster Leseort. Zehn Jahre sp\u00e4ter lesen wir wieder draussen &#8211; diesmal im Prinzessinengarten<\/em>.<\/figcaption><\/figure>\n","protected":false},"excerpt":{"rendered":"<p>2022 feierten wir 10-j\u00e4hriges Jubil\u00e4um bei 48 Stunden Neuk\u00f6lln. Schon unser erstes Literaturprogramm 2012 war gepr\u00e4gt von Grenzerfahrungen. Unter dem Titel \u201eEndstation Garten Eden?\u201c f\u00fchrten zahlreiche Irrwege, Umwege und steinige Pfade die Figuren unserer Kurzgeschichten &hellip;<\/p>\n","protected":false},"author":1,"featured_media":0,"parent":0,"menu_order":0,"comment_status":"closed","ping_status":"closed","template":"","meta":{"footnotes":""},"class_list":["post-598","page","type-page","status-publish","hentry"],"_links":{"self":[{"href":"http:\/\/www.mischmash.de\/index.php?rest_route=\/wp\/v2\/pages\/598","targetHints":{"allow":["GET"]}}],"collection":[{"href":"http:\/\/www.mischmash.de\/index.php?rest_route=\/wp\/v2\/pages"}],"about":[{"href":"http:\/\/www.mischmash.de\/index.php?rest_route=\/wp\/v2\/types\/page"}],"author":[{"embeddable":true,"href":"http:\/\/www.mischmash.de\/index.php?rest_route=\/wp\/v2\/users\/1"}],"replies":[{"embeddable":true,"href":"http:\/\/www.mischmash.de\/index.php?rest_route=%2Fwp%2Fv2%2Fcomments&post=598"}],"version-history":[{"count":12,"href":"http:\/\/www.mischmash.de\/index.php?rest_route=\/wp\/v2\/pages\/598\/revisions"}],"predecessor-version":[{"id":617,"href":"http:\/\/www.mischmash.de\/index.php?rest_route=\/wp\/v2\/pages\/598\/revisions\/617"}],"wp:attachment":[{"href":"http:\/\/www.mischmash.de\/index.php?rest_route=%2Fwp%2Fv2%2Fmedia&parent=598"}],"curies":[{"name":"wp","href":"https:\/\/api.w.org\/{rel}","templated":true}]}}