{"id":650,"date":"2024-03-17T13:17:47","date_gmt":"2024-03-17T12:17:47","guid":{"rendered":"https:\/\/www.mischmash.de\/?page_id=650"},"modified":"2024-06-06T19:10:45","modified_gmt":"2024-06-06T17:10:45","slug":"2024-weghoeren","status":"publish","type":"page","link":"http:\/\/www.mischmash.de\/?page_id=650","title":{"rendered":"2024: WEGh\u00f6ren"},"content":{"rendered":"\n<p>Lesung am Samstag, 29. Juni um 17 Uhr im <a rel=\"noreferrer noopener\" href=\"https:\/\/maps.app.goo.gl\/r6CPhtp7DKcg1XGGA\" target=\"_blank\">FINCAN <\/a> (Altenbraker Str.26 \/ N\u00e4he S+U Hermannstra\u00dfe)<\/p>\n\n\n\n<figure class=\"wp-block-image size-large\"><a href=\"https:\/\/www.mischmash.de\/wp-content\/uploads\/2024\/06\/weghoeren.jpg\"><img loading=\"lazy\" decoding=\"async\" width=\"1024\" height=\"768\" src=\"https:\/\/www.mischmash.de\/wp-content\/uploads\/2024\/06\/weghoeren-1024x768.jpg\" alt=\"\" class=\"wp-image-669\" srcset=\"http:\/\/www.mischmash.de\/wp-content\/uploads\/2024\/06\/weghoeren-1024x768.jpg 1024w, http:\/\/www.mischmash.de\/wp-content\/uploads\/2024\/06\/weghoeren-300x225.jpg 300w, http:\/\/www.mischmash.de\/wp-content\/uploads\/2024\/06\/weghoeren-768x576.jpg 768w, http:\/\/www.mischmash.de\/wp-content\/uploads\/2024\/06\/weghoeren-1536x1152.jpg 1536w, http:\/\/www.mischmash.de\/wp-content\/uploads\/2024\/06\/weghoeren-1070x803.jpg 1070w, http:\/\/www.mischmash.de\/wp-content\/uploads\/2024\/06\/weghoeren.jpg 2048w\" sizes=\"auto, (max-width: 1024px) 100vw, 1024px\" \/><\/a><\/figure>\n\n\n\n<p>Leben in Berlin \u2013 das hei\u00dft manchmal Hektik, Tumult und L\u00e4rm. Verschiedenste Eindr\u00fccke, die uns alle auf einmal erreichen, visuell und akustisch. Vielleicht lernen wir mit der Zeit, wegzusehen. Aber wegh\u00f6ren? Das Ohr ist ein offenes Organ, es l\u00e4sst sich nicht verschlie\u00dfen. Wir k\u00f6nnen uns zwar abwenden, aber die Sirene des Krankenwagens auf der Stra\u00dfe, der bellende Hund des Nachbarn oder der Streit von Jugendlichen vor dem Sp\u00e4ti bleibt dennoch in unserem Wahrnehmungsfeld.&nbsp;<\/p>\n\n\n\n<p>Was, wenn wir nun auf die Stra\u00dfe treten und den Ger\u00e4uschen um uns wie einem Navigationsger\u00e4t folgen? Wir unternehmen einen intuitiven Spaziergang durch Neuk\u00f6lln und lassen uns dabei ausschlie\u00dflich davon leiten, was wir h\u00f6ren. Dabei laufen wir nicht jedem einzelnen Rascheln oder Dr\u00f6hnen hinterher, sondern ersp\u00fcren, womit wir in Resonanz gehen und wo es uns hinzieht. Auf diese Weise entfaltet sich der Weg vor uns. Wir erh\u00f6ren ihn gleichsam. Was entsteht ist ein WEGh\u00f6ren.&nbsp;<\/p>\n\n\n\n<p>Und auf diese Weise kommen wir in die Stille. Denn nun sind wir nicht mehr von unwillk\u00fcrlichen Reaktionen auf unser Umfeld oder von unseren Zielen, Pl\u00e4nen und dem unendlichen Geschnatter des Gedankenstroms in unserem Kopf bestimmt, sondern lauschen mit jeder Faser unseres K\u00f6rpers achtsam auf den Moment. Wir werden zu Flaneuren, ganz im Sinne Walter Benjamins: Wir sammeln Eindr\u00fccke und lassen uns von ihnen beeindrucken. So er\u00f6ffnet sich uns die Poesie der Stadt.<\/p>\n\n\n\n<p>Alle MischMash-Autor\/innen unternehmen ihre eigenen Spazierg\u00e4nge und lassen sich davon zu kurzen Text inspirieren \u2013 einer Miniatur, einer Anekdote, einer Skizze, die das Erlebte widerspiegeln. Diese Texte werden zusammen mit den auf den Spazierg\u00e4ngen aufgezeichneten Ger\u00e4uschen zu einer Soundcollage verwoben und als H\u00f6rspiel pr\u00e4sentiert, dann aber auch im Rahmen der Veranstaltung&nbsp; beim Festival live gelesen.&nbsp;<\/p>\n\n\n\n<div class=\"wp-block-image is-style-rounded\"><figure class=\"aligncenter size-full\"><img loading=\"lazy\" decoding=\"async\" width=\"500\" height=\"500\" src=\"https:\/\/www.mischmash.de\/wp-content\/uploads\/2024\/06\/mischmash-logo.jpg\" alt=\"\" class=\"wp-image-672\" srcset=\"http:\/\/www.mischmash.de\/wp-content\/uploads\/2024\/06\/mischmash-logo.jpg 500w, http:\/\/www.mischmash.de\/wp-content\/uploads\/2024\/06\/mischmash-logo-300x300.jpg 300w, http:\/\/www.mischmash.de\/wp-content\/uploads\/2024\/06\/mischmash-logo-150x150.jpg 150w\" sizes=\"auto, (max-width: 500px) 100vw, 500px\" \/><figcaption><a href=\"https:\/\/instagram.com\/mischmash_berlin\" target=\"_blank\" rel=\"noreferrer noopener\">instagram.com\/mischmash_berlin<\/a><\/figcaption><\/figure><\/div>\n","protected":false},"excerpt":{"rendered":"<p>Lesung am Samstag, 29. Juni um 17 Uhr im FINCAN (Altenbraker Str.26 \/ N\u00e4he S+U Hermannstra\u00dfe) Leben in Berlin \u2013 das hei\u00dft manchmal Hektik, Tumult und L\u00e4rm. Verschiedenste Eindr\u00fccke, die uns alle auf einmal erreichen, &hellip;<\/p>\n","protected":false},"author":1,"featured_media":0,"parent":0,"menu_order":0,"comment_status":"closed","ping_status":"closed","template":"","meta":{"footnotes":""},"class_list":["post-650","page","type-page","status-publish","hentry"],"_links":{"self":[{"href":"http:\/\/www.mischmash.de\/index.php?rest_route=\/wp\/v2\/pages\/650","targetHints":{"allow":["GET"]}}],"collection":[{"href":"http:\/\/www.mischmash.de\/index.php?rest_route=\/wp\/v2\/pages"}],"about":[{"href":"http:\/\/www.mischmash.de\/index.php?rest_route=\/wp\/v2\/types\/page"}],"author":[{"embeddable":true,"href":"http:\/\/www.mischmash.de\/index.php?rest_route=\/wp\/v2\/users\/1"}],"replies":[{"embeddable":true,"href":"http:\/\/www.mischmash.de\/index.php?rest_route=%2Fwp%2Fv2%2Fcomments&post=650"}],"version-history":[{"count":4,"href":"http:\/\/www.mischmash.de\/index.php?rest_route=\/wp\/v2\/pages\/650\/revisions"}],"predecessor-version":[{"id":674,"href":"http:\/\/www.mischmash.de\/index.php?rest_route=\/wp\/v2\/pages\/650\/revisions\/674"}],"wp:attachment":[{"href":"http:\/\/www.mischmash.de\/index.php?rest_route=%2Fwp%2Fv2%2Fmedia&parent=650"}],"curies":[{"name":"wp","href":"https:\/\/api.w.org\/{rel}","templated":true}]}}