{"id":679,"date":"2025-01-15T10:12:38","date_gmt":"2025-01-15T09:12:38","guid":{"rendered":"https:\/\/www.mischmash.de\/?page_id=679"},"modified":"2025-06-18T15:48:17","modified_gmt":"2025-06-18T13:48:17","slug":"demon-doors-lesung-im-fincan","status":"publish","type":"page","link":"http:\/\/www.mischmash.de\/?page_id=679","title":{"rendered":"29. Juni 2025 &#8211; MischMash Explo(ration) LIVE &#8211; Versuchsanleitung in 4 Elementen"},"content":{"rendered":"\n<figure class=\"wp-block-image size-full\"><a href=\"http:\/\/www.mischmash.de\/wp-content\/uploads\/2025\/06\/mischmash-explorations.jpg\"><img loading=\"lazy\" decoding=\"async\" width=\"1080\" height=\"1080\" src=\"http:\/\/www.mischmash.de\/wp-content\/uploads\/2025\/06\/mischmash-explorations.jpg\" alt=\"MischMash Explorations\" class=\"wp-image-715\" srcset=\"http:\/\/www.mischmash.de\/wp-content\/uploads\/2025\/06\/mischmash-explorations.jpg 1080w, http:\/\/www.mischmash.de\/wp-content\/uploads\/2025\/06\/mischmash-explorations-300x300.jpg 300w, http:\/\/www.mischmash.de\/wp-content\/uploads\/2025\/06\/mischmash-explorations-1024x1024.jpg 1024w, http:\/\/www.mischmash.de\/wp-content\/uploads\/2025\/06\/mischmash-explorations-150x150.jpg 150w, http:\/\/www.mischmash.de\/wp-content\/uploads\/2025\/06\/mischmash-explorations-768x768.jpg 768w, http:\/\/www.mischmash.de\/wp-content\/uploads\/2025\/06\/mischmash-explorations-1070x1070.jpg 1070w\" sizes=\"auto, (max-width: 1080px) 100vw, 1080px\" \/><\/a><figcaption class=\"wp-element-caption\"><strong>MischMash Explorations<\/strong> (Die vier Elemente performt hier: <a href=\"https:\/\/www.instagram.com\/paplaityte\/\" data-type=\"link\" data-id=\"https:\/\/www.instagram.com\/paplaityte\/\" target=\"_blank\" rel=\"noreferrer noopener\">Giedre Paplaityte<\/a>)<\/figcaption><\/figure>\n\n\n\n<p><strong>Erde, Wasser, Feuer, Luft<\/strong> \u2013 im Pandemiejahr 2020 haben wir f\u00fcr das Kunstfestival <em>48h Neuk\u00f6lln <\/em>in vier Kurzgeschichten emblematisch Figuren und Situationen f\u00fcr die vier Elemente erschaffen. Doch eine Live-Lesung war nicht m\u00f6glich. Dank Anisha Cornips und David Gaiser konnten wir aber eine Digitale Lesung realisieren. Es entstanden Videos, die Einblicke in die Begegnung mit dem jeweiligen Element  und in den Lockdown-Alltag der Autor*innen zeigen. <br><br>Die T\u00e4nzerin Giedre Paplaityte (aka Dizzy Ella), die sich zeitgleich in Verk\u00f6rperung der vier Elemente durch die Berliner Stadt- und Naturlandschaft tanzt, hat ihre begleitenden Performances ebenfalls mit der Kamera festgehalten. <\/p>\n\n\n\n<p><strong>Jetzt freuen wir uns, das Konzept &#8222;Explorations&#8220; endlich live aufzuf\u00fchren. Es erwarten euch Lesung, Projektion, Interaktion und die gewohnte anregende MischMashMischung! <\/strong><\/p>\n\n\n\n<p><strong>MischMash Explorations<\/strong><\/p>\n\n\n\n<p>\ud83d\udcc5 <strong>Datum<\/strong>: Sonntag, 29. Juni 2025: 15:00 bis 16:30 Uhr<br>\ud83d\udccd <strong>Ort<\/strong>: <a href=\"https:\/\/maps.app.goo.gl\/AT1iqTLm4CQA4unt6\">Fincan \u2013 Altenbraker Str. 26<\/a>, 12051 Berlin-Neuk\u00f6lln (nur 5 min vom S+U Hermannstra\u00dfe)<br>\ud83c\udfa5 Die entstandenen Videos findet ihr <a href=\"https:\/\/www.mischmash.de\/?page_id=490\" data-type=\"link\" data-id=\"https:\/\/www.mischmash.de\/?page_id=490\">hier <\/a><\/p>\n\n\n\n<p><\/p>\n","protected":false},"excerpt":{"rendered":"<p>Erde, Wasser, Feuer, Luft \u2013 im Pandemiejahr 2020 haben wir f\u00fcr das Kunstfestival 48h Neuk\u00f6lln in vier Kurzgeschichten emblematisch Figuren und Situationen f\u00fcr die vier Elemente erschaffen. Doch eine Live-Lesung war nicht m\u00f6glich. Dank Anisha &hellip;<\/p>\n","protected":false},"author":1,"featured_media":715,"parent":0,"menu_order":0,"comment_status":"closed","ping_status":"closed","template":"","meta":{"footnotes":""},"class_list":["post-679","page","type-page","status-publish","has-post-thumbnail","hentry"],"_links":{"self":[{"href":"http:\/\/www.mischmash.de\/index.php?rest_route=\/wp\/v2\/pages\/679","targetHints":{"allow":["GET"]}}],"collection":[{"href":"http:\/\/www.mischmash.de\/index.php?rest_route=\/wp\/v2\/pages"}],"about":[{"href":"http:\/\/www.mischmash.de\/index.php?rest_route=\/wp\/v2\/types\/page"}],"author":[{"embeddable":true,"href":"http:\/\/www.mischmash.de\/index.php?rest_route=\/wp\/v2\/users\/1"}],"replies":[{"embeddable":true,"href":"http:\/\/www.mischmash.de\/index.php?rest_route=%2Fwp%2Fv2%2Fcomments&post=679"}],"version-history":[{"count":14,"href":"http:\/\/www.mischmash.de\/index.php?rest_route=\/wp\/v2\/pages\/679\/revisions"}],"predecessor-version":[{"id":718,"href":"http:\/\/www.mischmash.de\/index.php?rest_route=\/wp\/v2\/pages\/679\/revisions\/718"}],"wp:featuredmedia":[{"embeddable":true,"href":"http:\/\/www.mischmash.de\/index.php?rest_route=\/wp\/v2\/media\/715"}],"wp:attachment":[{"href":"http:\/\/www.mischmash.de\/index.php?rest_route=%2Fwp%2Fv2%2Fmedia&parent=679"}],"curies":[{"name":"wp","href":"https:\/\/api.w.org\/{rel}","templated":true}]}}