{"id":156,"date":"2016-07-07T11:28:58","date_gmt":"2016-07-07T09:28:58","guid":{"rendered":"http:\/\/www.mischmash.de\/?page_id=156"},"modified":"2018-05-03T10:53:57","modified_gmt":"2018-05-03T08:53:57","slug":"judith-h-strohm","status":"publish","type":"page","link":"https:\/\/www.mischmash.de\/?page_id=156","title":{"rendered":"Judith H. Strohm"},"content":{"rendered":"<figure id=\"attachment_33\" aria-describedby=\"caption-attachment-33\" style=\"width: 840px\" class=\"wp-caption alignnone\"><a href=\"http:\/\/www.mischmash.de\/wp-content\/uploads\/2015\/07\/Judith_5.jpg\"><img loading=\"lazy\" decoding=\"async\" class=\"size-large wp-image-33\" src=\"http:\/\/www.mischmash.de\/wp-content\/uploads\/2015\/07\/Judith_5-1024x682.jpg\" alt=\"\" width=\"840\" height=\"559\" srcset=\"https:\/\/www.mischmash.de\/wp-content\/uploads\/2015\/07\/Judith_5-1024x682.jpg 1024w, https:\/\/www.mischmash.de\/wp-content\/uploads\/2015\/07\/Judith_5-300x200.jpg 300w, https:\/\/www.mischmash.de\/wp-content\/uploads\/2015\/07\/Judith_5-272x182.jpg 272w, https:\/\/www.mischmash.de\/wp-content\/uploads\/2015\/07\/Judith_5.jpg 1280w\" sizes=\"auto, (max-width: 840px) 100vw, 840px\" \/><\/a><figcaption id=\"caption-attachment-33\" class=\"wp-caption-text\">Judith H. Strohm<\/figcaption><\/figure>\n<p><strong>Judith H. Strohm<\/strong>, Jahrgang 1978, studierte Politikwissenschaft in Berlin, Paris und Qu\u00e9bec City und arbeitet f\u00fcr eine Bildungsstiftung in Berlin. Ihr literarisches Herz geh\u00f6rt der Kurzgeschichte.<\/p>\n<p><em>&#8222;Kurzgeschichten befl\u00fcgeln meine Fantasie. Ich nehme die Leserin und den Leser mit in eine andere Welt, komme sehr nah an die Figuren heran und thematisiere zugleich gesellschaftliche und politische Verh\u00e4ltnisse. Und dabei ist eine Geschichte kaum l\u00e4nger als eine U-Bahnfahrt. F\u00fcr mich ist die Kurzgeschichte eine der abwechslungsreichsten Literaturformen!&#8220;<\/em><\/p>\n","protected":false},"excerpt":{"rendered":"<p>Judith H. Strohm, Jahrgang 1978, studierte Politikwissenschaft in Berlin, Paris und Qu\u00e9bec City und arbeitet f\u00fcr eine Bildungsstiftung in Berlin. Ihr literarisches Herz geh\u00f6rt der Kurzgeschichte. &#8222;Kurzgeschichten befl\u00fcgeln meine Fantasie. Ich nehme die Leserin und &hellip;<\/p>\n","protected":false},"author":1,"featured_media":0,"parent":0,"menu_order":0,"comment_status":"closed","ping_status":"closed","template":"","meta":{"footnotes":""},"class_list":["post-156","page","type-page","status-publish","hentry"],"_links":{"self":[{"href":"https:\/\/www.mischmash.de\/index.php?rest_route=\/wp\/v2\/pages\/156","targetHints":{"allow":["GET"]}}],"collection":[{"href":"https:\/\/www.mischmash.de\/index.php?rest_route=\/wp\/v2\/pages"}],"about":[{"href":"https:\/\/www.mischmash.de\/index.php?rest_route=\/wp\/v2\/types\/page"}],"author":[{"embeddable":true,"href":"https:\/\/www.mischmash.de\/index.php?rest_route=\/wp\/v2\/users\/1"}],"replies":[{"embeddable":true,"href":"https:\/\/www.mischmash.de\/index.php?rest_route=%2Fwp%2Fv2%2Fcomments&post=156"}],"version-history":[{"count":2,"href":"https:\/\/www.mischmash.de\/index.php?rest_route=\/wp\/v2\/pages\/156\/revisions"}],"predecessor-version":[{"id":268,"href":"https:\/\/www.mischmash.de\/index.php?rest_route=\/wp\/v2\/pages\/156\/revisions\/268"}],"wp:attachment":[{"href":"https:\/\/www.mischmash.de\/index.php?rest_route=%2Fwp%2Fv2%2Fmedia&parent=156"}],"curies":[{"name":"wp","href":"https:\/\/api.w.org\/{rel}","templated":true}]}}