{"id":2,"date":"2015-07-13T15:29:10","date_gmt":"2015-07-13T13:29:10","guid":{"rendered":"http:\/\/www.the-rinnsteins.de\/?page_id=2"},"modified":"2023-06-06T18:54:26","modified_gmt":"2023-06-06T16:54:26","slug":"beispiel-seite","status":"publish","type":"page","link":"https:\/\/www.mischmash.de\/?page_id=2","title":{"rendered":"J\u00f6rg Olvermann"},"content":{"rendered":"\n<figure class=\"wp-block-image\"><a href=\"http:\/\/www.mischmash.de\/wp-content\/uploads\/2018\/07\/joerg-olvermann-2.jpg\"><img loading=\"lazy\" decoding=\"async\" width=\"1024\" height=\"768\" src=\"http:\/\/www.mischmash.de\/wp-content\/uploads\/2018\/07\/joerg-olvermann-2-1024x768.jpg\" alt=\"\" class=\"wp-image-421\" srcset=\"https:\/\/www.mischmash.de\/wp-content\/uploads\/2018\/07\/joerg-olvermann-2-1024x768.jpg 1024w, https:\/\/www.mischmash.de\/wp-content\/uploads\/2018\/07\/joerg-olvermann-2-300x225.jpg 300w, https:\/\/www.mischmash.de\/wp-content\/uploads\/2018\/07\/joerg-olvermann-2-768x576.jpg 768w\" sizes=\"auto, (max-width: 1024px) 100vw, 1024px\" \/><\/a><\/figure>\n\n\n\n<p>J\u00f6rg, geboren 1971 in M\u00fcnchen, zog 1993 zum Studiern nach Berlin, arbeitet(e) als Firmengr\u00fcnder, Freiberufler, Marketing Manager und Berater f\u00fcr digitale Medien. Seine Geschichten verarbeiten den Berliner Alltag, absurde Tag- und Albtr\u00e4ume, gro\u00dfe Phantasien und fl\u00fcchtige Gedanken. Trash oder Literatur? You decide.<\/p>\n\n\n\n<p><a href=\"mailto:olvermann@googlemail.com\">olvermann@googlemail.com<\/a><br><a href=\"http:\/\/www.joerg-olvermann.de\/\">http:\/\/www.joerg-olvermann.de\/<\/a><\/p>\n","protected":false},"excerpt":{"rendered":"<p>J\u00f6rg, geboren 1971 in M\u00fcnchen, zog 1993 zum Studiern nach Berlin, arbeitet(e) als Firmengr\u00fcnder, Freiberufler, Marketing Manager und Berater f\u00fcr digitale Medien. Seine Geschichten verarbeiten den Berliner Alltag, absurde Tag- und Albtr\u00e4ume, gro\u00dfe Phantasien und &hellip;<\/p>\n","protected":false},"author":1,"featured_media":0,"parent":0,"menu_order":0,"comment_status":"closed","ping_status":"closed","template":"","meta":{"footnotes":""},"class_list":["post-2","page","type-page","status-publish","hentry"],"_links":{"self":[{"href":"https:\/\/www.mischmash.de\/index.php?rest_route=\/wp\/v2\/pages\/2","targetHints":{"allow":["GET"]}}],"collection":[{"href":"https:\/\/www.mischmash.de\/index.php?rest_route=\/wp\/v2\/pages"}],"about":[{"href":"https:\/\/www.mischmash.de\/index.php?rest_route=\/wp\/v2\/types\/page"}],"author":[{"embeddable":true,"href":"https:\/\/www.mischmash.de\/index.php?rest_route=\/wp\/v2\/users\/1"}],"replies":[{"embeddable":true,"href":"https:\/\/www.mischmash.de\/index.php?rest_route=%2Fwp%2Fv2%2Fcomments&post=2"}],"version-history":[{"count":16,"href":"https:\/\/www.mischmash.de\/index.php?rest_route=\/wp\/v2\/pages\/2\/revisions"}],"predecessor-version":[{"id":625,"href":"https:\/\/www.mischmash.de\/index.php?rest_route=\/wp\/v2\/pages\/2\/revisions\/625"}],"wp:attachment":[{"href":"https:\/\/www.mischmash.de\/index.php?rest_route=%2Fwp%2Fv2%2Fmedia&parent=2"}],"curies":[{"name":"wp","href":"https:\/\/api.w.org\/{rel}","templated":true}]}}