{"id":252,"date":"2018-04-26T09:11:23","date_gmt":"2018-04-26T07:11:23","guid":{"rendered":"http:\/\/www.mischmash.de\/?page_id=252"},"modified":"2018-06-28T10:28:07","modified_gmt":"2018-06-28T08:28:07","slug":"24-juni-2017-mission-mischmash","status":"publish","type":"page","link":"https:\/\/www.mischmash.de\/?page_id=252","title":{"rendered":"Mission MischMash (2017)"},"content":{"rendered":"<p class=\"field-item even\"><em>Alle nat\u00fcrlichen Dinge haben aber zwei Seiten.<br \/>\n(<\/em>C.G. Jung)<\/p>\n<div class=\"region region-top2\">\n<div id=\"block-cck-blocks-field-gen-images\" class=\"block block-cck-blocks first last odd\">\n<div class=\"field-collection-container clearfix\">\n<div class=\"field field-name-field-gen-images field-type-field-collection field-label-hidden\">\n<div class=\"field-items field-items-1\">\n<div class=\"field-item even\">\n<div class=\"field-collection-view clearfix view-mode-dvm-2-48h-lightbox-teaser-large field-collection-view-final\">\n<div class=\"entity entity-field-collection-item field-collection-item-field-gen-images clearfix\">\n<div class=\"content\">\n<div class=\"field field-name-field-coll-img field-type-image field-label-hidden\">\n<div class=\"field-items\">\n<div id=\"content\" class=\"column\">\n<p class=\"field-item even\">Wo Licht und Schatten miteinander ringen, entstehen gute Geschichten. Die MischMash-Autoren schicken f\u00fcr das diesj\u00e4hrige Kunstfestival <strong>48 Stunden Neuk\u00f6lln<\/strong> drei Superheld*innen auf Schattenjagd.<br \/>\nH8X, Lara Fangholm und die Schattenhexe Valerie verf\u00fcgen \u00fcber magische Superkr\u00e4fte, mit denen sie gegen die dunklen M\u00e4chte in den Kampf ziehen. Klassische B\u00f6sewichte, Gestaltwandler*innen, verdr\u00e4ngte Pers\u00f6nlichkeitsanteile und der Schatten des amerikanischen Pr\u00e4sidenten machen unseren Helden das Leben schwer.<br \/>\nWer wohl am Ende gewinnt?<\/p>\n<figure id=\"attachment_228\" aria-describedby=\"caption-attachment-228\" style=\"width: 720px\" class=\"wp-caption alignnone\"><a href=\"http:\/\/www.mischmash.de\/wp-content\/uploads\/2017\/05\/frances_morgen_mission_mischmash.jpg\"><img loading=\"lazy\" decoding=\"async\" class=\"wp-image-228 size-large\" src=\"http:\/\/www.mischmash.de\/wp-content\/uploads\/2017\/05\/frances_morgen_mission_mischmash-1024x720.jpg\" alt=\"Copyright: Frances Morgan\" width=\"720\" height=\"506\" srcset=\"https:\/\/www.mischmash.de\/wp-content\/uploads\/2017\/05\/frances_morgen_mission_mischmash-1024x720.jpg 1024w, https:\/\/www.mischmash.de\/wp-content\/uploads\/2017\/05\/frances_morgen_mission_mischmash-300x211.jpg 300w, https:\/\/www.mischmash.de\/wp-content\/uploads\/2017\/05\/frances_morgen_mission_mischmash-768x540.jpg 768w, https:\/\/www.mischmash.de\/wp-content\/uploads\/2017\/05\/frances_morgen_mission_mischmash.jpg 2048w\" sizes=\"auto, (max-width: 720px) 100vw, 720px\" \/><\/a><figcaption id=\"caption-attachment-228\" class=\"wp-caption-text\">H8X, Valerie und Lara Fangholm: K\u00fcnstlerisch in Szene gesetzt von Frances Morgan<\/figcaption><\/figure>\n<div class=\"ds-1col node node-application view-mode-dvm_2_full clearfix\">\n<div class=\"field field-name-field-gen-programme-text-de field-type-text-long field-label-hidden\">\n<div class=\"field-items\"><\/div>\n<p><strong>Die Mission MischMash bei 48 Stunden Neuk\u00f6lln<br \/>\nSamstag, 24. Juni 2017 um 17 Uhr<br \/>\nHelene-Nathan-Bibliothek<br \/>\n<\/strong>Karl-Marx-Str. 66<br \/>\n12043 Berlin<strong><br \/>\n<\/strong>in den Neuk\u00f6lln Arcaden (Eingang Post; Fahrstuhl bis Parkdeck 4)<strong><br \/>\n<\/strong><\/p>\n<\/div>\n<\/div>\n<\/div>\n<\/div>\n<\/div>\n<\/div>\n<\/div>\n<\/div>\n<\/div>\n<\/div>\n<\/div>\n<\/div>\n<\/div>\n<\/div>\n","protected":false},"excerpt":{"rendered":"<p>Alle nat\u00fcrlichen Dinge haben aber zwei Seiten. (C.G. Jung) Wo Licht und Schatten miteinander ringen, entstehen gute Geschichten. Die MischMash-Autoren schicken f\u00fcr das diesj\u00e4hrige Kunstfestival 48 Stunden Neuk\u00f6lln drei Superheld*innen auf Schattenjagd. H8X, Lara Fangholm &hellip;<\/p>\n","protected":false},"author":1,"featured_media":0,"parent":0,"menu_order":0,"comment_status":"closed","ping_status":"closed","template":"","meta":{"footnotes":""},"class_list":["post-252","page","type-page","status-publish","hentry"],"_links":{"self":[{"href":"https:\/\/www.mischmash.de\/index.php?rest_route=\/wp\/v2\/pages\/252","targetHints":{"allow":["GET"]}}],"collection":[{"href":"https:\/\/www.mischmash.de\/index.php?rest_route=\/wp\/v2\/pages"}],"about":[{"href":"https:\/\/www.mischmash.de\/index.php?rest_route=\/wp\/v2\/types\/page"}],"author":[{"embeddable":true,"href":"https:\/\/www.mischmash.de\/index.php?rest_route=\/wp\/v2\/users\/1"}],"replies":[{"embeddable":true,"href":"https:\/\/www.mischmash.de\/index.php?rest_route=%2Fwp%2Fv2%2Fcomments&post=252"}],"version-history":[{"count":4,"href":"https:\/\/www.mischmash.de\/index.php?rest_route=\/wp\/v2\/pages\/252\/revisions"}],"predecessor-version":[{"id":397,"href":"https:\/\/www.mischmash.de\/index.php?rest_route=\/wp\/v2\/pages\/252\/revisions\/397"}],"wp:attachment":[{"href":"https:\/\/www.mischmash.de\/index.php?rest_route=%2Fwp%2Fv2%2Fmedia&parent=252"}],"curies":[{"name":"wp","href":"https:\/\/api.w.org\/{rel}","templated":true}]}}