{"id":364,"date":"2018-06-27T19:31:42","date_gmt":"2018-06-27T17:31:42","guid":{"rendered":"http:\/\/www.mischmash.de\/?page_id=364"},"modified":"2018-06-28T10:26:20","modified_gmt":"2018-06-28T08:26:20","slug":"sonnenallee-augementing-reality","status":"publish","type":"page","link":"https:\/\/www.mischmash.de\/?page_id=364","title":{"rendered":"SONNENALLEE : Augementing Reality (2018)"},"content":{"rendered":"<div class=\"region region-top2\">\n<div id=\"block-cck-blocks-field-gen-images\" class=\"block block-cck-blocks first last odd\">\n<div class=\"field-collection-container clearfix\">\n<div class=\"field field-name-field-gen-images field-type-field-collection field-label-hidden\">\n<div class=\"field-items field-items-1\">\n<div class=\"field-item even\">\n<h2><strong>MischMash beim Kunstfestival &#8222;48 Stunden Neuk\u00f6lln&#8220;<\/strong><\/h2>\n<div>\n<p><a href=\"http:\/\/www.mischmash.de\/wp-content\/uploads\/2018\/06\/Bildschirmfoto-2018-06-27-um-19.29.42.png\"><img loading=\"lazy\" decoding=\"async\" class=\"wp-image-365 size-medium alignright\" src=\"http:\/\/www.mischmash.de\/wp-content\/uploads\/2018\/06\/Bildschirmfoto-2018-06-27-um-19.29.42-300x225.png\" alt=\"\" width=\"300\" height=\"225\" srcset=\"https:\/\/www.mischmash.de\/wp-content\/uploads\/2018\/06\/Bildschirmfoto-2018-06-27-um-19.29.42-300x225.png 300w, https:\/\/www.mischmash.de\/wp-content\/uploads\/2018\/06\/Bildschirmfoto-2018-06-27-um-19.29.42-768x576.png 768w, https:\/\/www.mischmash.de\/wp-content\/uploads\/2018\/06\/Bildschirmfoto-2018-06-27-um-19.29.42.png 1022w\" sizes=\"auto, (max-width: 300px) 100vw, 300px\" \/><\/a>Schilder, Schaufenster, Schnapsleichen &#8211; die Autorengruppe MischMasch hat bei einem Abendspaziergang viele Schnappsch\u00fcsse auf Neuk\u00f6llns ber\u00fchmtester Meile geschossen und macht sich mit den Bildern auf die Suche nach einer neuen Wahrheit. Zum Einsatz kommen Techniken der Augmented Reality wie Farb- und Verfremdungsfilter, aber auch der literarische Filter des Genres. Denn die Perspektive auf die Realit\u00e4t ver\u00e4ndert sich dramatisch, je nachdem, ob wir die Erz\u00e4hlweisen einer Schauer-, Kriminal- oder Liebesgeschichte nutzen. Jedes Genre offenbart seine eigene literarische Wahrheit. Und so wie die Wahrheit nun mal ist, f\u00fchren viele Wege in eine Geschichte hinein und alle Geschichten zur Sonnenallee zur\u00fcck.<\/p>\n<div id=\"metaslider-id-249\" style=\"max-width: 1080px; margin: 0 auto;\" class=\"ml-slider-3-101-0 metaslider metaslider-flex metaslider-249 ml-slider ms-theme-default nav-hidden\" role=\"region\" aria-label=\"Augmented\" data-height=\"500\" data-width=\"1080\">\n    <div id=\"metaslider_container_249\">\n        <div id=\"metaslider_249\">\n            <ul class='slides'>\n                <li style=\"display: block; width: 100%;\" class=\"slide-370 ms-image \" aria-roledescription=\"slide\" data-date=\"2018-06-27 19:35:56\"><img loading=\"lazy\" decoding=\"async\" src=\"https:\/\/www.mischmash.de\/wp-content\/uploads\/2018\/06\/IMG-20180623-WA0005-1080x500.jpg\" height=\"500\" width=\"1080\" alt=\"\" class=\"slider-249 slide-370 msDefaultImage\" title=\"IMG-20180623-WA0005\" \/><div class=\"caption-wrap\"><div class=\"caption\">Ricarda Br\u00fccke<\/div><\/div><\/li>\n                <li style=\"display: none; width: 100%;\" class=\"slide-372 ms-image \" aria-roledescription=\"slide\" data-date=\"2018-06-27 19:36:19\"><img loading=\"lazy\" decoding=\"async\" src=\"https:\/\/www.mischmash.de\/wp-content\/uploads\/2018\/06\/IMG-20180622-WA0003-1080x500.jpg\" height=\"500\" width=\"1080\" alt=\"\" class=\"slider-249 slide-372 msDefaultImage\" title=\"IMG-20180622-WA0003\" \/><div class=\"caption-wrap\"><div class=\"caption\">MischMash vor der Werkstatt der Kulturen<\/div><\/div><\/li>\n                <li style=\"display: none; width: 100%;\" class=\"slide-374 ms-image \" aria-roledescription=\"slide\" data-date=\"2018-06-27 19:36:50\"><img loading=\"lazy\" decoding=\"async\" src=\"https:\/\/www.mischmash.de\/wp-content\/uploads\/2018\/06\/Foto-22.06.18-19-54-00-e1530121055692-1080x500.jpg\" height=\"500\" width=\"1080\" alt=\"\" class=\"slider-249 slide-374 msDefaultImage\" title=\"Foto 22.06.18, 19 54 00\" \/><div class=\"caption-wrap\"><div class=\"caption\">Judith H. Strohm<\/div><\/div><\/li>\n                <li style=\"display: none; width: 100%;\" class=\"slide-376 ms-image \" aria-roledescription=\"slide\" data-date=\"2018-06-27 19:37:22\"><img loading=\"lazy\" decoding=\"async\" src=\"https:\/\/www.mischmash.de\/wp-content\/uploads\/2018\/06\/b0c1246e-46e3-442c-b761-ae84389cd767-1080x500.jpg\" height=\"500\" width=\"1080\" alt=\"\" class=\"slider-249 slide-376 msDefaultImage\" title=\"b0c1246e-46e3-442c-b761-ae84389cd767\" \/><div class=\"caption-wrap\"><div class=\"caption\">J\u00f6rg Olvermann<\/div><\/div><\/li>\n                <li style=\"display: none; width: 100%;\" class=\"slide-378 ms-image \" aria-roledescription=\"slide\" data-date=\"2018-06-27 19:40:03\"><img loading=\"lazy\" decoding=\"async\" src=\"https:\/\/www.mischmash.de\/wp-content\/uploads\/2018\/06\/Foto-22.06.18-20-12-11-e1530121197670-1080x500.jpg\" height=\"500\" width=\"1080\" alt=\"\" class=\"slider-249 slide-378 msDefaultImage\" title=\"Foto 22.06.18, 20 12 11\" \/><div class=\"caption-wrap\"><div class=\"caption\">Thanassis Kalaitzis<\/div><\/div><\/li>\n            <\/ul>\n        <\/div>\n        \n    <\/div>\n<\/div>\n<p>&nbsp;<\/p>\n<\/div>\n<div class=\"field-collection-view clearfix view-mode-dvm-2-48h-lightbox-teaser-large field-collection-view-final\">\n<div class=\"entity entity-field-collection-item field-collection-item-field-gen-images clearfix\">\n<div class=\"content\">\n<div class=\"field field-name-field-coll-img field-type-image field-label-hidden\">\n<div class=\"field-items\">\n<div>\n<p>Lesung in der <a href=\"http:\/\/www.werkstatt-der-kulturen.de\/\" target=\"_blank\" rel=\"noopener\">Werkstatt der Kulturen<\/a> am 22. Juni 2018<\/p>\n<\/div>\n<\/div>\n<\/div>\n<\/div>\n<\/div>\n<\/div>\n<\/div>\n<\/div>\n<\/div>\n<\/div>\n<\/div>\n<\/div>\n","protected":false},"excerpt":{"rendered":"<p>MischMash beim Kunstfestival &#8222;48 Stunden Neuk\u00f6lln&#8220; Schilder, Schaufenster, Schnapsleichen &#8211; die Autorengruppe MischMasch hat bei einem Abendspaziergang viele Schnappsch\u00fcsse auf Neuk\u00f6llns ber\u00fchmtester Meile geschossen und macht sich mit den Bildern auf die Suche nach einer &hellip;<\/p>\n","protected":false},"author":1,"featured_media":0,"parent":0,"menu_order":0,"comment_status":"closed","ping_status":"closed","template":"","meta":{"footnotes":""},"class_list":["post-364","page","type-page","status-publish","hentry"],"_links":{"self":[{"href":"https:\/\/www.mischmash.de\/index.php?rest_route=\/wp\/v2\/pages\/364","targetHints":{"allow":["GET"]}}],"collection":[{"href":"https:\/\/www.mischmash.de\/index.php?rest_route=\/wp\/v2\/pages"}],"about":[{"href":"https:\/\/www.mischmash.de\/index.php?rest_route=\/wp\/v2\/types\/page"}],"author":[{"embeddable":true,"href":"https:\/\/www.mischmash.de\/index.php?rest_route=\/wp\/v2\/users\/1"}],"replies":[{"embeddable":true,"href":"https:\/\/www.mischmash.de\/index.php?rest_route=%2Fwp%2Fv2%2Fcomments&post=364"}],"version-history":[{"count":8,"href":"https:\/\/www.mischmash.de\/index.php?rest_route=\/wp\/v2\/pages\/364\/revisions"}],"predecessor-version":[{"id":402,"href":"https:\/\/www.mischmash.de\/index.php?rest_route=\/wp\/v2\/pages\/364\/revisions\/402"}],"wp:attachment":[{"href":"https:\/\/www.mischmash.de\/index.php?rest_route=%2Fwp%2Fv2%2Fmedia&parent=364"}],"curies":[{"name":"wp","href":"https:\/\/api.w.org\/{rel}","templated":true}]}}