{"id":543,"date":"2021-03-17T09:06:54","date_gmt":"2021-03-17T08:06:54","guid":{"rendered":"http:\/\/www.mischmash.de\/?page_id=543"},"modified":"2021-06-18T19:37:27","modified_gmt":"2021-06-18T17:37:27","slug":"mischmash-on-air-2021","status":"publish","type":"page","link":"https:\/\/www.mischmash.de\/?page_id=543","title":{"rendered":"MischMash On Air (2021)"},"content":{"rendered":"\n<h2 class=\"wp-block-heading\"><strong>Liebe.Leute! Eine Radioshow zum Bingen<\/strong><\/h2>\n\n\n\n<p>Unser Festival-Beitrag ist online! Viel Spa\u00df beim Zuh\u00f6ren!<\/p>\n\n\n\n<figure class=\"wp-block-embed-soundcloud wp-block-embed is-type-rich is-provider-soundcloud wp-embed-aspect-4-3 wp-has-aspect-ratio\"><div class=\"wp-block-embed__wrapper\">\n<iframe loading=\"lazy\" title=\"MischMash On Air: Liebe.Leute by J\u00f6rg Olvermann\" width=\"500\" height=\"450\" scrolling=\"no\" frameborder=\"no\" src=\"https:\/\/w.soundcloud.com\/player\/?visual=true&#038;url=https%3A%2F%2Fapi.soundcloud.com%2Fplaylists%2F1271838604&#038;show_artwork=true&#038;maxheight=750&#038;maxwidth=500\"><\/iframe>\n<\/div><\/figure>\n\n\n\n<p><br><strong>\u00dcber Liebe.Leute<\/strong><br><br>Wie sch\u00f6n w\u00e4re es doch, wenn man zur richtigen Zeit genau die richtige Dosis Liebe bek\u00e4me. So wie Koffeinwachheit mit einem Espresso,&nbsp; Zinkimmunst\u00e4rke mittels K\u00fcrbiskernen, MDMA-Empathie mit einer Molly oder Benzo-Entspannung durch eine Xanax . Vier Menschen haben das mit der Liebesaufnahme und \u2013weitergabe aber leider nicht so KLUK im Griff. Taku Kaltenbach ist prek\u00e4rer Kunsthistoriker und Zyniker. Nina Dhekele ist eine s\u00fcdafrikanische Supersch\u00f6nheit und unerreichbar. Anton Waldst\u00e4tter, soziophober Smart-Million\u00e4r und Maruna Mamani ist selbsternannte Kunstsammlerin und Villen-Diva. Diese vier Figuren entfliehen ihrer Einsamkeit und versuchen in der 12-ZImmer-Villa von Maruna Mamani Liebe zu finden. Alle haben einen anderen, geheimnisumwitterten Grund f\u00fcr ihren Liebesmangel. Ein Grund, der sie und die Villen-Familie von einem Drama ins n\u00e4chste katapultiert. &nbsp; Jede Folge der Radioshow Liebe.Leute! deckt auf, was hinter der Liebessehnsucht jeder Figur steckt und wie \u00fcberraschend unterschiedlich sie erf\u00fcllt werden kann. Es gibt eben nicht nur eine Liebe.Leute! Werden sich im Staffelfinale alle in den Armen liegen? Lebendig? Oder leb- und lieblos? Schalten Sie ein wenn es wieder hei\u00dft: \u201cLiebe.Leute!\u201d Die Radioshow zum Bingen.<\/p>\n\n\n\n<div class=\"wp-block-image\"><figure class=\"aligncenter size-large\"><img loading=\"lazy\" decoding=\"async\" width=\"743\" height=\"766\" src=\"http:\/\/www.mischmash.de\/wp-content\/uploads\/2021\/06\/mischmash-2021.jpg\" alt=\"\" class=\"wp-image-588\" srcset=\"https:\/\/www.mischmash.de\/wp-content\/uploads\/2021\/06\/mischmash-2021.jpg 743w, https:\/\/www.mischmash.de\/wp-content\/uploads\/2021\/06\/mischmash-2021-291x300.jpg 291w\" sizes=\"auto, (max-width: 743px) 100vw, 743px\" \/><\/figure><\/div>\n\n\n\n<p>Die Tonaufnahmen im Studio waren phenomenal! Unser besonderer Dank gilt Anisha Cornips, die als Darstellerin der Nina Dhekele brillierte und an den Tonmeister Matthias Litzkowy, der die H\u00f6rspiel-Produktion \u00fcberhaupt erst m\u00f6glich machte! <\/p>\n\n\n\n<p><\/p>\n\n\n\n<p><\/p>\n","protected":false},"excerpt":{"rendered":"<p>Liebe.Leute! Eine Radioshow zum Bingen Unser Festival-Beitrag ist online! Viel Spa\u00df beim Zuh\u00f6ren! \u00dcber Liebe.Leute Wie sch\u00f6n w\u00e4re es doch, wenn man zur richtigen Zeit genau die richtige Dosis Liebe bek\u00e4me. So wie Koffeinwachheit mit &hellip;<\/p>\n","protected":false},"author":1,"featured_media":0,"parent":0,"menu_order":0,"comment_status":"closed","ping_status":"closed","template":"","meta":{"footnotes":""},"class_list":["post-543","page","type-page","status-publish","hentry"],"_links":{"self":[{"href":"https:\/\/www.mischmash.de\/index.php?rest_route=\/wp\/v2\/pages\/543","targetHints":{"allow":["GET"]}}],"collection":[{"href":"https:\/\/www.mischmash.de\/index.php?rest_route=\/wp\/v2\/pages"}],"about":[{"href":"https:\/\/www.mischmash.de\/index.php?rest_route=\/wp\/v2\/types\/page"}],"author":[{"embeddable":true,"href":"https:\/\/www.mischmash.de\/index.php?rest_route=\/wp\/v2\/users\/1"}],"replies":[{"embeddable":true,"href":"https:\/\/www.mischmash.de\/index.php?rest_route=%2Fwp%2Fv2%2Fcomments&post=543"}],"version-history":[{"count":29,"href":"https:\/\/www.mischmash.de\/index.php?rest_route=\/wp\/v2\/pages\/543\/revisions"}],"predecessor-version":[{"id":595,"href":"https:\/\/www.mischmash.de\/index.php?rest_route=\/wp\/v2\/pages\/543\/revisions\/595"}],"wp:attachment":[{"href":"https:\/\/www.mischmash.de\/index.php?rest_route=%2Fwp%2Fv2%2Fmedia&parent=543"}],"curies":[{"name":"wp","href":"https:\/\/api.w.org\/{rel}","templated":true}]}}